{"id":3,"date":"2021-02-22T16:17:07","date_gmt":"2021-02-22T15:17:07","guid":{"rendered":"https:\/\/www.isb-bauwesen.de\/?page_id=3"},"modified":"2023-01-19T16:03:07","modified_gmt":"2023-01-19T15:03:07","slug":"datenschutzerklaerung","status":"publish","type":"page","link":"https:\/\/www.isb-bauwesen.de\/index.php\/datenschutzerklaerung\/","title":{"rendered":"Datenschutzerkl\u00e4rung"},"content":{"rendered":"\r\n<h1 class=\"wp-block-heading\">Datenschutzinformation Webseite<\/h1>\r\n<p>Die folgenden Informationen zum Datenschutz erl\u00e4utern, wie und welche personenbezogenen Daten von uns verarbeitet werden.<\/p>\r\n<h2>Allgemeine Informationen zum Datenschutz<\/h2>\r\n<h3>Geltungsbereich<\/h3>\r\n<p>Wenn Sie die von uns bereit gestellten Internetseiten besuchen, verarbeiten wir dabei Ihre personenbezogenen Daten auf die nachfolgend erl\u00e4uterte Art und Weise. Personenbezogenen Daten sind alle Daten, mittels derer Sie direkt oder indirekt identifiziert werden k\u00f6nnen.<\/p>\r\n<h3>Verantwortlicher f\u00fcr die Datenverarbeitung<\/h3>\r\n<p>Verantwortlicher f\u00fcr diese Datenverarbeitung im Sinne der Datenschutz-Grundverordnung (DSGVO) ist die ISB GmbH, Gfer Reinhard Niersberger, Benedikt-Vasold-Stra\u00dfe 5, 91077 Neunkirchen am Brand, Telefon: 09134 706 633, E-Mail: info[at]isb-bauwesen.de.<\/p>\r\n<h3>Zwecke der Verarbeitung<\/h3>\r\n<p>Die Verarbeitung personenbezogener Daten auf unseren Internetseiten erfolgt zu Zwecken der Zurverf\u00fcgungstellung von Informationen \u00fcber uns und unsere Leistungen, zu Zwecken der Erbringung vertraglicher und vorvertraglicher Leistungen, zu Zwecken der Kundenbindung und Erbringung von Serviceleistungen sowie zu Zwecken der Werbung und des Marketings.<\/p>\r\n<h3>Kategorien Betroffener<\/h3>\r\n<p>Von der Verarbeitung personenbezogener Daten sind alle Nutzer bzw. Besucher unserer Internetseiten betroffen.<\/p>\r\n<h3>Pflicht zur Bereitstellung von personenbezogenen Daten<\/h3>\r\n<p>Eine gesetzliche oder vertragliche Pflicht, uns auf unseren Internetseiten personenbezogene Daten bereitzustellen, besteht nicht. M\u00f6gliche Folge einer Nichtbereitstellung der Daten kann die Nichterreichbarkeit oder eine technische Fehlfunktion oder Beeintr\u00e4chtigung der ordnungsgem\u00e4\u00dfen Darstellung unserer Internetseiten sein.<\/p>\r\n<h3>Automatisierte Entscheidungsfindung und Profiling<\/h3>\r\n<p>Auf unseren Internetseiten setzen wir grunds\u00e4tzlich keine automatisierten Verfahren ein, um aufgrund bestimmter personenbezogener Daten automatisiert Entscheidungen zu treffen oder bestimmte personenbezogene Daten oder Aspekte zu bewerten, zu analysieren oder vorherzusagen. Sollten wir solche Verfahren in Einzelf\u00e4llen gleichwohl einsetzen, werden wir Sie hier\u00fcber und \u00fcber ihre diesbez\u00fcglichen Rechte nach Ma\u00dfgabe der gesetzlichen Bestimmungen in den nachfolgenden Abschnitten informieren.<\/p>\r\n<h3>Dauer der Datenspeicherung<\/h3>\r\n<p>Wir speichern Ihre personenbezogenen Daten solange, wie dies f\u00fcr die Erf\u00fcllung unserer vertraglichen und gesetzlichen Pflichten, zur Wahrung unserer berechtigten Interessen oder f\u00fcr die Zwecke, in die Sie eingewilligt haben, erforderlich ist. <br \/>Die Daten, die bei Ihrem Besuch unserer Internetseiten erfasst werden, werden sp\u00e4testens nach vierzehn Tagen gel\u00f6scht, es sei denn deren Speicherdauer wird in den nachfolgenden Abschnitten dieser Datenschutzinformation anders angegeben oder deren L\u00f6schung oder deren Einschr\u00e4nkung der Verarbeitung stehen zwingende gesetzliche Regelungen oder andere zwingende schutzw\u00fcrdige Gr\u00fcnde des Verantwortlichen entgegen.<\/p>\r\n<h3>Empf\u00e4nger der Daten<\/h3>\r\n<p>Innerhalb unseres Unternehmens erhalten alle Stellen im erforderlichen Umfang Zugriff auf Ihre personenbezogenen Daten, die diese zur Erf\u00fcllung unserer vorvertraglichen, vertraglichen und gesetzlichen Pflichten ben\u00f6tigen oder an die wir aufgrund einer Interessenabw\u00e4gung befugt sind, personenbezogene Daten zu \u00fcbermitteln. Auch von uns eingesetzte und in unserem Auftrag t\u00e4tige Dienstleister und Erf\u00fcllungsgehilfen k\u00f6nnen zu diesen Zwecken im erforderlichen Umfang Daten erhalten.<\/p>\r\n<p>\u00a0Eine \u00dcbermittlung oder Offenlegung personenbezogener Daten an Dritte erfolgt nur soweit dies zur Erf\u00fcllung unserer vorvertraglichen, vertraglichen oder gesetzlichen Pflichten notwendig ist, oder dies ein berechtigtes Interesse an der Geltendmachung, Aus\u00fcbung oder Verteidigung von Rechtsanspr\u00fcchen erfordert oder Sie in eine \u00dcbermittlung an Dritte wirksam eingewilligt haben.<\/p>\r\n<h3>Daten\u00fcbermittlung in Drittl\u00e4nder<\/h3>\r\n<p>Eine \u00dcbermittlung personenbezogener Daten an Stellen au\u00dferhalb der Europ\u00e4ischen Union erfolgt nur, soweit daf\u00fcr eine allgemeine Rechtsgrundlage gegeben ist und dar\u00fcber hinaus dem Drittland durch die EU-Kommission ein angemessenes Datenschutzniveau best\u00e4tigt wurde, andere geeignete und angemessene Datenschutzgarantien vorhanden sind oder einer der Ausnahmef\u00e4lle des Artikels 49 DSGVO vorliegt. Sofern von uns eine Daten\u00fcbermittlung in ein Drittland geplant oder beabsichtigt ist, kl\u00e4ren wir Sie dar\u00fcber in den nachfolgenden Abschnitten unter Besondere Informationen auf.<\/p>\r\n<h3>Ihre Rechte als Betroffener<\/h3>\r\n<p>Sie haben das Recht, von dem Verantwortlichen nach Ma\u00dfgabe des Artikels 15 DSGVO Auskunft \u00fcber eine Verarbeitung von Sie betreffenden personenbezogenen Daten zu verlangen.<\/p>\r\n<p>Sie haben das Recht, von dem Verantwortlichen nach Ma\u00dfgabe des Artikels 16 DSGVO die Berichtigung Sie betreffender unrichtiger oder unvollst\u00e4ndiger personenbezogener Daten zu verlangen.<\/p>\r\n<p>Sie haben das Recht, von dem Verantwortlichen unter den Voraussetzungen und nach Ma\u00dfgabe des Artikels 17 DSGVO die L\u00f6schung Sie betreffender personenbezogener Daten zu verlangen.<\/p>\r\n<p>Sie haben das Recht, von dem Verantwortlichen unter den Voraussetzungen des Artikels 18 DSGVO die Einschr\u00e4nkung der Verarbeitung zu verlangen.<\/p>\r\n<p>Sie haben unter den Voraussetzungen und nach Ma\u00dfgabe des Artikels 20 DSGVO das Recht auf Daten\u00fcbertragbarkeit.<\/p>\r\n<p><strong>Sie haben nach Ma\u00dfgabe des Artikels 7 (3) DSGVO das Recht, eine erteilte Einwilligung in die Verarbeitung allgemeiner oder besonderer personenbezogener Daten jederzeit zu widerrufen. Durch den Widerruf der Einwilligung wird die Rechtm\u00e4\u00dfigkeit der aufgrund der Einwilligung bis zum Widerruf erfolgten Verarbeitung nicht ber\u00fchrt. Sie k\u00f6nnen die Einwilligung uns gegen\u00fcber auf demselben Kommunikationsweg widerrufen, auf dem Sie die Einwilligung erteilt haben.<\/strong><\/p>\r\n<p><strong>Sie haben nach Ma\u00dfgabe des Artikels 21 (1) DSGVO das Recht, aus Gr\u00fcnden, die sich aus Ihrer besonderen Situation ergeben, jederzeit gegen die Verarbeitung Sie betreffender personenbezogener Daten, die aufgrund Artikel 6 (1) e DSGVO (Datenverarbeitung im \u00f6ffentlichen Interesse) und Artikel 6 (1) f DSGVO (Datenverarbeitung auf der Grundlage einer Interessenabw\u00e4gung) erfolgt, Widerspruch einzulegen; dies gilt auch f\u00fcr ein auf diese Bestimmungen gest\u00fctztes Profiling im Sinne von Artikel 4 Nr. 4 DSGVO. Legen Sie Widerspruch ein, werden wir Ihre personenbezogenen Daten nicht mehr verarbeiten, es sei denn, wir k\u00f6nnen zwingende berechtigte Gr\u00fcnde f\u00fcr die Verarbeitung nachweisen, die Ihre Interessen, Rechte und Freiheiten \u00fcberwiegen, oder die Verarbeitung dient der Geltendmachung, Aus\u00fcbung oder Verteidigung von Rechtsanspr\u00fcchen.<\/strong><\/p>\r\n<p><strong>Soweit wir personenbezogene Daten rechtm\u00e4\u00dfig verarbeiten, um Direktwerbung zu betreiben, steht Ihnen gem\u00e4\u00df Artikel 21 (2) DSGVO das Recht zu, jederzeit Widerspruch gegen die Verarbeitung Sie betreffender personenbezogener Daten zum Zwecke derartiger Werbung einzulegen; dies gilt auch f\u00fcr ein Profiling, soweit es mit solcher Direktwerbung in Verbindung steht. Legen Sie Widerspruch gegen die Verarbeitung der Daten f\u00fcr Zwecke der Direktwerbung ein, so werden wir Ihre personenbezogenen Daten nicht mehr f\u00fcr diese Zwecke verarbeiten.<\/strong><\/p>\r\n<p>Wenn Sie Ihre Rechte aus\u00fcben m\u00f6chten, gen\u00fcgt es, Ihre Anfrage oder Mitteilung an den oben genannten Verantwortlichen f\u00fcr die Datenverarbeitung zu \u00fcbersenden.<\/p>\r\n<p>Sie haben nach Artikel 77 DSGVO das Recht auf Beschwerde bei einer Aufsichtsbeh\u00f6rde, wenn Sie der Ansicht sind, dass die Verarbeitung der sie betreffenden personenbezogenen Daten gegen die DSGVO verst\u00f6\u00dft. Zust\u00e4ndige Aufsichtsbeh\u00f6rde am Sitz des Verantwortlichen ist das Bayerisches Landesamt f\u00fcr Datenschutzaufsicht (LDA Bayern), Promenade 27, 91522 Ansbach, Tel.: 0981 53 1300, Fax: 0981 98 1300.<\/p>\r\n<h2>Besondere Informationen<\/h2>\r\n<h3>Betroffene Datenkategorien<\/h3>\r\n<h4>Verarbeitung Verkehrsdaten<\/h4>\r\n<p>Beim Aufruf unserer Internetseiten, werden die notwendigen technischen Rahmenbedingungen dieser Kommunikation verarbeitet. Insoweit werden zun\u00e4chst f\u00fcr die Dauer der Kommunikation die Ihnen zugewiesene IP-Adresse, die Adresse der aufgerufenen Seite, die Adresse der zuletzt aufgerufenen Seite, Typ und Version Ihres Browsers, Ihr verwendetes Betriebssystem, ein Protokollstatus, die \u00fcbertragenen Datenmenge sowie der Zeitpunkt des Aufrufs aufgezeichnet und in sogenannten Logfiles gespeichert. Diese Verarbeitung erfolgt zu dem Zweck, unsere Internetseiten korrekt dazustellen, die eingehenden und ausgehenden Datenpakete richtig zustellen zu k\u00f6nnen, gegebenenfalls Fehler der Daten\u00fcbertragung, Missbrauchsversuche oder Angriffsversuche zu analysieren und abzuwehren. Sp\u00e4testens nach vierzehn Tagen werden diese Daten gel\u00f6scht. Eine statistische Auswertung in anonymisiertet Form bleibt ausdr\u00fccklich vorbehalten. Diese Verarbeitung erfolgt aufgrund Artikel 6 (1) f DSGVO (Interessenabw\u00e4gung) zur Wahrung unserer berechtigten Interessen an der Aufrechterhaltung der Funktionsf\u00e4higkeit, Sicherheit und Erreichbarkeit unserer Internetseiten.<\/p>\r\n<h4>Verarbeitung Nutzungsdaten<\/h4>\r\n<p>\u00dcber die vorgenannten Verkehrsdaten hinaus ist es grunds\u00e4tzlich m\u00f6glich, weitere personenbezogene Daten eines Nutzers unserer Internetseiten zu verarbeiten.<br \/>Zu diesen Daten geh\u00f6ren zum Beispiel die aktuelle IP-Adresse, die Ger\u00e4te-ID, die Standortdaten, ein etwaiger Login-Status sowie Cookies, in Internetseiten eingebettete Skripte (JavaScript) oder andere Inhaltsdaten, mit denen zus\u00e4tzliche Informationen \u00fcber das eingesetzte Endger\u00e4t und das Verhalten des Nutzers erfasst werden k\u00f6nnen.<\/p>\r\n<p>Soweit auf unseren Internetseiten solche Nutzungsdaten verarbeitet werden, informieren wir Sie dar\u00fcber in den nachfolgenden Abschnitten dieser Datenschutzerkl\u00e4rung gesondert.<\/p>\r\n<h3>Kommunikation<\/h3>\r\n<h4>\u00dcbersendung von Emails<\/h4>\r\n<p>Wenn Sie uns \u00fcber unsere Email-Adresse(n) kontaktieren, werden bei jeder Email Ihre Email-Adresse einschlie\u00dflich Ihrer Absenderangaben, der Inhalt der Email, der \u00dcbermittlungsweg der Email, ggf. Typ und Version des Email-Clients, die Ihnen zugewiesene IP-Adresse, Ihre Domain sowie Datum und Uhrzeit der Versendung von uns und unserem Hostinganbieter verarbeitet.<br \/>Diese Verarbeitung erfolgt aufgrund Ihrer Einwilligung als Absender nach Artikel 6 (1) a DSGVO (Einwilligung). Empf\u00e4nger der Daten sind unsere Mitarbeiter und die f\u00fcr uns t\u00e4tigen IT-Dienstleister.<\/p>\r\n<p>Wir weisen in diesem Zusammenhang darauf hin, dass wir zwar Emails verschl\u00fcsselt (TLS, SSL) empfangen und versenden, es sich dabei aber lediglich um eine sogenannte Transportverschl\u00fcsselung handelt. Grunds\u00e4tzlich ist daher weder die Authentizit\u00e4t, noch die Integrit\u00e4t, noch die Vertraulichkeit einer empfangenen Email oder versendeten Email vollst\u00e4ndig gew\u00e4hrleistet. Versenden Sie daher keine sensiblen oder vertraulichen personenbezogenen Daten per Email an uns, wenn Sie ausschlie\u00dfen wollen, dass die Daten auf dem \u00dcbermittlungsweg unberechtigt eingesehen oder ver\u00e4ndert werden.<\/p>\r\n<h3>Sonstiges<\/h3>\r\n<h4>Verlinkungen zu externen Webseiten<\/h4>\r\n<p>Unsere Webseiten enthalten teilweise auch Links auf externe Webseiten. Diese Links sind entsprechend gekennzeichnet und zeigt Ihr Browser beim \u00dcberfahren des Links mit dem Mauszeiger auch das externe Linkziel als Information an. Bei dem Anklicken eines solchen Links werden Sie auf die verlinkte externe Webseite weitergeleitet. Bei dieser Weiterleitung wird aus notwendigen technischen Gr\u00fcnden Ihre IP-Adresse, der Zeitpunkt und die Adresse unserer aufrufenden Webseite an die externe Webseite \u00fcbermittelt. <br \/>Es ist insofern m\u00f6glich, dass die verlinkten externen Webseiten auf Servern in L\u00e4ndern bereit gehalten werden, in denen ein der EU vergleichbares Datenschutzniveau nicht gew\u00e4hrleistet ist. Sollten Sie deswegen datenschutzrechtliche Bedenken haben, klicken Sie solche externen Links bitte nicht an.<\/p>\r\n<h4>Mail-Hosting<\/h4>\r\n<p>Zum Versenden und Empfangen von eMails bedienen wir uns der Dienstleistungen eines gewerblichen HostProviders f\u00fcr Mailserver. Dieser HostProvider verarbeitet in unserem Auftrag s\u00e4mtliche Daten, die beim Empfangen und Senden von eMails \u00fcbermittelt werden (insbesondere Absender, Empf\u00e4nger, Inhalte, Datum und Uhrzeit). Mit diesem HostProvider haben wir einen Auftragsverarbeitungsvertrag abgeschlossen. Diese Verarbeitung erfolgt aufgrund Artikel 6 (1) f DSGVO (Interessenabw\u00e4gung) zur Wahrung unserer berechtigten wirtschaftlichen, rechtlichen und ideellen Interessen an der Funktionalit\u00e4t und Erreichbarkeit durch Nutzung eines zeitgem\u00e4\u00dfen Kommunikationsmittels.<\/p>\r\n<h4>Web-Hosting<\/h4>\r\n<p>Zur Bereitstellung unserer Internetseiten (Webseiten) bedienen wir uns der Dienstleistungen eines gewerblichen HostProviders f\u00fcr Webserver. Dieser HostProvider verarbeitet in unserem Auftrag s\u00e4mtliche Daten, die beim Aufrufen unserer Webseiten \u00fcbermittelt werden. Mit diesem HostProvider haben wir einen Auftragsverarbeitungsvertrag abgeschlossen. Diese Verarbeitung erfolgt aufgrund Artikel 6 (1) f DSGVO (Interessenabw\u00e4gung) zur Wahrung unserer berechtigten wirtschaftlichen, rechtlichen und ideellen Interessen an der Funktionalit\u00e4t und Erreichbarkeit durch Nutzung eines zeitgem\u00e4\u00dfen Kommunikationsmittels.<\/p>\r\n<h4>WordPress<\/h4>\r\n<p>Wir verwenden WordPress als Redaktionssystem f\u00fcr unsere Webseiten. WordPress ist eine Open Source Software. Word Press verwendet folgende funktionale (notwendige) Cookies:<\/p>\r\n<table>\r\n<tbody>\r\n<tr>\r\n<td width=\"151\">\r\n<p>Name<\/p>\r\n<\/td>\r\n<td width=\"293\">\r\n<p>Zweck<\/p>\r\n<\/td>\r\n<td width=\"94\">\r\n<p>G\u00fcltigkeit<\/p>\r\n<\/td>\r\n<\/tr>\r\n<tr>\r\n<td width=\"151\">\r\n<p>wordpress_test_cookie<\/p>\r\n<\/td>\r\n<td width=\"293\">\r\n<p>Verwaltungsbereich, Info Cookie-Einstellungen des Browsers<\/p>\r\n<\/td>\r\n<td width=\"94\">\r\n<p>Sitzungsende<\/p>\r\n<\/td>\r\n<\/tr>\r\n<tr>\r\n<td width=\"151\">\r\n<p>wp_lang<\/p>\r\n<\/td>\r\n<td width=\"293\">\r\n<p>Verwaltungsbereich, Info Spracheinstellung<\/p>\r\n<\/td>\r\n<td width=\"94\">\r\n<p>Sitzungsende<\/p>\r\n<\/td>\r\n<\/tr>\r\n<\/tbody>\r\n<\/table>\r\n<h3>Stand und Aktualisierung<\/h3>\r\n<p>Diese Datenschutzinformationen k\u00f6nnen aufgrund von \u00c4nderungen, z.B. der tats\u00e4chlichen Umst\u00e4nde, der gesetzlichen Bestimmungen oder aufgrund einer ge\u00e4nderten Beurteilung der Rechtslage, zu einem sp\u00e4teren Zeitpunkt angepasst werden. Dieser \u00c4nderungsvorbehalt gilt nicht hinsichtlich solcher Bestimmungen, die den Charakter einer bindenden Vereinbarung zwischen dem Verantwortlichen und dem Betroffenen aufweisen. \u00c4nderungen bestehender Nutzungsvereinbarungen oder anderer Vertragsverh\u00e4ltnisse sowie \u00c4nderungen bereits erteilter Einwilligungen bed\u00fcrfen zu ihrer Wirksamkeit einer ausdr\u00fccklichen Zustimmung der jeweiligen Betroffenen.<\/p>\r\n","protected":false},"excerpt":{"rendered":"<p>Datenschutzinformation Webseite Die folgenden Informationen zum Datenschutz erl\u00e4utern, wie und welche personenbezogenen Daten von uns verarbeitet werden. Allgemeine Informationen zum Datenschutz Geltungsbereich Wenn Sie die von uns bereit gestellten Internetseiten besuchen, verarbeiten wir dabei Ihre personenbezogenen Daten auf die nachfolgend erl\u00e4uterte Art und Weise. Personenbezogenen Daten sind alle Daten, mittels derer Sie direkt oder indirekt&hellip;&nbsp;<a href=\"https:\/\/www.isb-bauwesen.de\/index.php\/datenschutzerklaerung\/\" class=\"\" rel=\"bookmark\">Weiterlesen &raquo;<span class=\"screen-reader-text\">Datenschutzerkl\u00e4rung<\/span><\/a><\/p>\n","protected":false},"author":1,"featured_media":0,"parent":0,"menu_order":0,"comment_status":"closed","ping_status":"open","template":"","meta":{"neve_meta_sidebar":"","neve_meta_container":"","neve_meta_enable_content_width":"off","neve_meta_content_width":70,"neve_meta_title_alignment":"","neve_meta_author_avatar":"","neve_post_elements_order":"","neve_meta_disable_header":"","neve_meta_disable_footer":"","neve_meta_disable_title":"","footnotes":""},"_links":{"self":[{"href":"https:\/\/www.isb-bauwesen.de\/index.php\/wp-json\/wp\/v2\/pages\/3"}],"collection":[{"href":"https:\/\/www.isb-bauwesen.de\/index.php\/wp-json\/wp\/v2\/pages"}],"about":[{"href":"https:\/\/www.isb-bauwesen.de\/index.php\/wp-json\/wp\/v2\/types\/page"}],"author":[{"embeddable":true,"href":"https:\/\/www.isb-bauwesen.de\/index.php\/wp-json\/wp\/v2\/users\/1"}],"replies":[{"embeddable":true,"href":"https:\/\/www.isb-bauwesen.de\/index.php\/wp-json\/wp\/v2\/comments?post=3"}],"version-history":[{"count":9,"href":"https:\/\/www.isb-bauwesen.de\/index.php\/wp-json\/wp\/v2\/pages\/3\/revisions"}],"predecessor-version":[{"id":112,"href":"https:\/\/www.isb-bauwesen.de\/index.php\/wp-json\/wp\/v2\/pages\/3\/revisions\/112"}],"wp:attachment":[{"href":"https:\/\/www.isb-bauwesen.de\/index.php\/wp-json\/wp\/v2\/media?parent=3"}],"curies":[{"name":"wp","href":"https:\/\/api.w.org\/{rel}","templated":true}]}}